	{"id":261956,"date":"2022-02-09T12:26:13","date_gmt":"2022-02-09T11:26:13","guid":{"rendered":"https:\/\/www.crepaswatches.com\/?page_id=261956"},"modified":"2023-11-17T18:44:27","modified_gmt":"2023-11-17T17:44:27","slug":"crepas-magnum-opus","status":"publish","type":"page","link":"https:\/\/www.crepaswatches.com\/en\/crepas-magnum-opus\/","title":{"rendered":"CREPAS MAGNUM OPUS"},"content":{"rendered":"<p>[et_pb_section fb_built=&#8221;1&#8243; fullwidth=&#8221;on&#8221; admin_label=&#8221;Header B&#8221; _builder_version=&#8221;4.16&#8243; background_image=&#8221;https:\/\/www.crepaswatches.com\/wp-content\/uploads\/crepas-magnum-opus-0.jpg&#8221; parallax=&#8221;on&#8221; collapsed=&#8221;off&#8221; global_colors_info=&#8221;{}&#8221;][et_pb_fullwidth_header title=&#8221;@ET-DC@eyJkeW5hbWljIjp0cnVlLCJjb250ZW50IjoicG9zdF90aXRsZSIsInNldHRpbmdzIjp7ImJlZm9yZSI6IiIsImFmdGVyIjoiIn19@&#8221; subhead=&#8221;Tenth model to celebrate ten years of CREPAS WATCHES. Our most ambitious project. Three versions according to caliber: hour only, GMT or chronograph with central minute counter.&#8221; text_orientation=&#8221;center&#8221; button_one_url=&#8221;#&#8221; button_two_url=&#8221;#&#8221; _builder_version=&#8221;4.16&#8243; _dynamic_attributes=&#8221;title&#8221; title_font=&#8221;|||on|||||&#8221; title_font_size=&#8221;60px&#8221; title_line_height=&#8221;1.3em&#8221; content_font=&#8221;||||||||&#8221; content_font_size=&#8221;16px&#8221; content_line_height=&#8221;2em&#8221; subhead_font=&#8221;Montserrat||||||||&#8221; subhead_font_size=&#8221;16px&#8221; subhead_line_height=&#8221;1.6em&#8221; background_color=&#8221;rgba(0,0,0,0)&#8221; use_background_color_gradient=&#8221;on&#8221; background_color_gradient_stops=&#8221;#253746 10%|rgba(37,55,70,0.74) 60%&#8221; background_color_gradient_start=&#8221;#253746&#8243; background_color_gradient_start_position=&#8221;10%&#8221; background_color_gradient_end=&#8221;rgba(37,55,70,0.74)&#8221; background_color_gradient_end_position=&#8221;60%&#8221; custom_button_one=&#8221;on&#8221; button_one_text_size=&#8221;16px&#8221; button_one_text_color=&#8221;#ffffff&#8221; button_one_bg_color=&#8221;#DA291C&#8221; button_one_border_width=&#8221;8px&#8221; button_one_border_color=&#8221;rgba(0,0,0,0)&#8221; button_one_border_radius=&#8221;0px&#8221; button_one_letter_spacing=&#8221;3px&#8221; button_one_font=&#8221;Didact Gothic|700||on|||||&#8221; button_one_use_icon=&#8221;off&#8221; custom_button_two=&#8221;on&#8221; button_two_text_size=&#8221;16px&#8221; button_two_text_color=&#8221;#34587c&#8221; button_two_bg_color=&#8221;#ffffff&#8221; button_two_border_width=&#8221;8px&#8221; button_two_border_color=&#8221;rgba(0,0,0,0)&#8221; button_two_border_radius=&#8221;0px&#8221; button_two_letter_spacing=&#8221;3px&#8221; button_two_font=&#8221;Didact Gothic|700||on|||||&#8221; button_two_use_icon=&#8221;off&#8221; custom_padding=&#8221;9vw||8vw||false|false&#8221; custom_padding_tablet=&#8221;9vw||8vw||false|false&#8221; custom_padding_phone=&#8221;10vw||40px||false|false&#8221; custom_padding_last_edited=&#8221;on|phone&#8221; title_font_size_tablet=&#8221;40px&#8221; title_font_size_phone=&#8221;30px&#8221; title_font_size_last_edited=&#8221;on|phone&#8221; subhead_font_size_phone=&#8221;18px&#8221; subhead_font_size_last_edited=&#8221;off|desktop&#8221; global_colors_info=&#8221;{}&#8221;][\/et_pb_fullwidth_header][\/et_pb_section][et_pb_section fb_built=&#8221;1&#8243; specialty=&#8221;on&#8221; _builder_version=&#8221;4.16&#8243; _module_preset=&#8221;default&#8221; global_colors_info=&#8221;{}&#8221;][et_pb_column type=&#8221;2_3&#8243; specialty_columns=&#8221;2&#8243; _builder_version=&#8221;4.16&#8243; custom_padding=&#8221;|||&#8221; global_colors_info=&#8221;{}&#8221; custom_padding__hover=&#8221;|||&#8221;][et_pb_row_inner _builder_version=&#8221;4.16&#8243; _module_preset=&#8221;default&#8221; global_colors_info=&#8221;{}&#8221;][et_pb_column_inner saved_specialty_column_type=&#8221;2_3&#8243; _builder_version=&#8221;4.16&#8243; _module_preset=&#8221;default&#8221; global_colors_info=&#8221;{}&#8221;][et_pb_gallery gallery_ids=&#8221;259873,259880,259879,259878,259877,259876,259875,259874&#8243; posts_number=&#8221;20&#8243; db_images_per_row=&#8221;2&#8243; db_image_max_width=&#8221;96%&#8221; db_image_row_spacing=&#8221;2%&#8221; db_image_object_fit=&#8221;initial&#8221; dbdb_version=&#8221;4.3.5&#8243; show_title_and_caption=&#8221;off&#8221; zoom_icon_color=&#8221;#FFFFFF&#8221; hover_overlay_color=&#8221;rgba(140,169,194,0.5)&#8221; hover_icon=&#8221;&#x54;||divi||400&#8243; _builder_version=&#8221;4.16&#8243; _module_preset=&#8221;default&#8221; global_colors_info=&#8221;{}&#8221;][\/et_pb_gallery][\/et_pb_column_inner][\/et_pb_row_inner][\/et_pb_column][et_pb_column type=&#8221;1_3&#8243; _builder_version=&#8221;4.16&#8243; custom_padding=&#8221;|||&#8221; global_colors_info=&#8221;{}&#8221; custom_padding__hover=&#8221;|||&#8221;][et_pb_blurb title=&#8221;LIMITED EDITION&#8221; admin_label=&#8221;Limited Edition&#8221; _builder_version=&#8221;4.16&#8243; _module_preset=&#8221;default&#8221; header_level=&#8221;h2&#8243; header_text_align=&#8221;left&#8221; header_text_color=&#8221;#DA291C&#8221; body_text_align=&#8221;left&#8221; body_text_color=&#8221;#253746&#8243; global_colors_info=&#8221;{}&#8221;]Limited Edition[\/et_pb_blurb][et_pb_blurb title=&#8221;PRICE&#8221; admin_label=&#8221;Price&#8221; _builder_version=&#8221;4.23.1&#8243; _module_preset=&#8221;default&#8221; header_level=&#8221;h2&#8243; header_text_align=&#8221;left&#8221; header_text_color=&#8221;#DA291C&#8221; body_text_align=&#8221;left&#8221; body_text_color=&#8221;#253746&#8243; hover_enabled=&#8221;0&#8243; global_colors_info=&#8221;{}&#8221; sticky_enabled=&#8221;0&#8243;]<\/p>\n<p>From 825\u20ac (+ 21% VAT in EU)<br \/>Shipping included<\/p>\n<p>[\/et_pb_blurb][et_pb_button button_text=&#8221;COMPRAR&#8221; disabled_on=&#8221;on|on|on&#8221; admin_label=&#8221;COMPRAR&#8221; _builder_version=&#8221;4.16&#8243; _module_preset=&#8221;default&#8221; disabled=&#8221;on&#8221; global_colors_info=&#8221;{}&#8221;][\/et_pb_button][et_pb_wc_add_to_cart product=&#8221;259997&#8243; _builder_version=&#8221;4.16&#8243; _module_preset=&#8221;default&#8221; global_colors_info=&#8221;{}&#8221;][\/et_pb_wc_add_to_cart][et_pb_blurb title=&#8221;MEASURES&#8221; admin_label=&#8221;Measures&#8221; _builder_version=&#8221;4.16&#8243; _module_preset=&#8221;default&#8221; header_level=&#8221;h2&#8243; header_text_align=&#8221;left&#8221; header_text_color=&#8221;#DA291C&#8221; body_text_align=&#8221;left&#8221; body_text_color=&#8221;#253746&#8243; global_colors_info=&#8221;{}&#8221;]<\/p>\n<ul>\n<li>Diameter of the bezel: 44,00mm<\/li>\n<li>Diameter of the case: 42,00mm<\/li>\n<li>Thickness: 15,35mm<\/li>\n<li>Length: 53,00mm<\/li>\n<li>Thickness of the crystal: 4,50mm (2,70mm chronograph version)<\/li>\n<li>Diameter of the crystal: 34,00mm<\/li>\n<li>Space between lugs: 22mm<\/li>\n<li>Diameter of the crown: 6,50mm<\/li>\n<li>Thickness of the bezel: 4,30mm<\/li>\n<li>Thickness of the case back cover: 2,20mm<\/li>\n<li>Clasp width: 18mm<\/li>\n<\/ul>\n<p>[\/et_pb_blurb][et_pb_blurb title=&#8221;MATERIALS&#8221; admin_label=&#8221;Materials&#8221; _builder_version=&#8221;4.16&#8243; _module_preset=&#8221;default&#8221; header_level=&#8221;h2&#8243; header_text_align=&#8221;left&#8221; header_text_color=&#8221;#DA291C&#8221; body_text_align=&#8221;left&#8221; body_text_color=&#8221;#253746&#8243; global_colors_info=&#8221;{}&#8221;]<\/p>\n<ul>\n<li>Case, bezel, crown and case cover made of stainless steel 316L with brushed finished<\/li>\n<li>Crystal made of sapphire<\/li>\n<li>Bezel inlay made of ceramic<\/li>\n<li>Gaskets made of Viton and Tefzel<\/li>\n<li>Solid stainless steel 316L bracelet with solid clasp<\/li>\n<li>Hands, dial and bezel with C3 Superluminova<\/li>\n<\/ul>\n<p>[\/et_pb_blurb][et_pb_blurb title=&#8221;FEATURES&#8221; admin_label=&#8221;Features&#8221; _builder_version=&#8221;4.16&#8243; _module_preset=&#8221;default&#8221; header_level=&#8221;h2&#8243; header_text_align=&#8221;left&#8221; header_text_color=&#8221;#DA291C&#8221; body_text_align=&#8221;left&#8221; body_text_color=&#8221;#253746&#8243; global_colors_info=&#8221;{}&#8221;]<\/p>\n<ul>\n<li>Flat sapphire<\/li>\n<li>Swiss ETAsa 2824-2, 2893-2 (gmt) or DD2075 (chrono)<\/li>\n<li>Water resistant 120 atmos. \/ 1200 meters. (20atmos \/ 200 meters chronograph versi\u00f3n) Screwed crown and case back cover<\/li>\n<li>Inside AR coated anti scratch crystal<\/li>\n<li>120 positions bezel<\/li>\n<\/ul>\n<p>[\/et_pb_blurb][et_pb_blurb title=&#8221;KIT&#8221; admin_label=&#8221;Kit&#8221; _builder_version=&#8221;4.16&#8243; _module_preset=&#8221;default&#8221; header_level=&#8221;h2&#8243; header_text_align=&#8221;left&#8221; header_text_color=&#8221;#DA291C&#8221; body_text_align=&#8221;left&#8221; body_text_color=&#8221;#253746&#8243; global_colors_info=&#8221;{}&#8221;]<\/p>\n<ul>\n<li>CREPAS MAGNUM OPUS watch with bracelet<\/li>\n<li>Waterproof suitcase (IP67)<\/li>\n<li>One screwdiver to remove the bracelet and adjust the size<\/li>\n<li>Custom microfiber cleaning cloth<\/li>\n<li>Warranty card<\/li>\n<li>2 spare spring bars<\/li>\n<\/ul>\n<p>[\/et_pb_blurb][\/et_pb_column][\/et_pb_section]<\/p>\n","protected":false},"excerpt":{"rendered":"<p>Limited EditionFrom 825\u20ac (+ 21% VAT in EU)Shipping included Diameter of the bezel: 44,00mm Diameter of the case: 42,00mm Thickness: 15,35mm Length: 53,00mm Thickness of the crystal: 4,50mm (2,70mm chronograph version) Diameter of the crystal: 34,00mm Space between lugs: 22mm Diameter of the crown: 6,50mm Thickness of the bezel: 4,30mm Thickness of the case back [&hellip;]<\/p>\n","protected":false},"author":1,"featured_media":0,"parent":0,"menu_order":0,"comment_status":"closed","ping_status":"closed","template":"","meta":{"_et_pb_use_builder":"on","_et_pb_old_content":"[et_pb_section fb_built=\"1\" fullwidth=\"on\" admin_label=\"Header B\" _builder_version=\"4.9.4\" background_image=\"https:\/\/www.crepaswatches.com\/wp-content\/uploads\/crepas-magnum-opus-0.jpg\" parallax=\"on\" collapsed=\"off\" global_colors_info=\"{}\"][et_pb_fullwidth_header title=\"@ET-DC@eyJkeW5hbWljIjp0cnVlLCJjb250ZW50IjoicG9zdF90aXRsZSIsInNldHRpbmdzIjp7ImJlZm9yZSI6IiIsImFmdGVyIjoiIn19@\" subhead=\"D\u00e9cimo modelo para celebrar los diez a\u00f1os de CREPAS WATCHES. Nuestro proyecto m\u00e1s ambicioso. Tres versiones seg\u00fan calibre: solo hora, GMT o cron\u00f3grafo con contador central de minutos.\" text_orientation=\"center\" button_one_url=\"#\" button_two_url=\"#\" _builder_version=\"4.14.7\" _dynamic_attributes=\"title\" title_font=\"|||on|||||\" title_font_size=\"60px\" title_line_height=\"1.3em\" content_font=\"||||||||\" content_font_size=\"16px\" content_line_height=\"2em\" subhead_font=\"Montserrat||||||||\" subhead_font_size=\"16px\" subhead_line_height=\"1.6em\" background_color=\"rgba(0,0,0,0)\" use_background_color_gradient=\"on\" background_color_gradient_start=\"#253746\" background_color_gradient_end=\"rgba(37,55,70,0.74)\" background_color_gradient_start_position=\"10%\" background_color_gradient_end_position=\"60%\" custom_button_one=\"on\" button_one_text_size=\"16px\" button_one_text_color=\"#ffffff\" button_one_bg_color=\"#DA291C\" button_one_border_width=\"8px\" button_one_border_color=\"rgba(0,0,0,0)\" button_one_border_radius=\"0px\" button_one_letter_spacing=\"3px\" button_one_font=\"Didact Gothic|700||on|||||\" button_one_use_icon=\"off\" custom_button_two=\"on\" button_two_text_size=\"16px\" button_two_text_color=\"#34587c\" button_two_bg_color=\"#ffffff\" button_two_border_width=\"8px\" button_two_border_color=\"rgba(0,0,0,0)\" button_two_border_radius=\"0px\" button_two_letter_spacing=\"3px\" button_two_font=\"Didact Gothic|700||on|||||\" button_two_use_icon=\"off\" custom_padding=\"9vw||8vw||false|false\" custom_padding_tablet=\"9vw||8vw||false|false\" custom_padding_phone=\"10vw||40px||false|false\" custom_padding_last_edited=\"on|phone\" title_font_size_tablet=\"40px\" title_font_size_phone=\"30px\" title_font_size_last_edited=\"on|phone\" subhead_font_size_phone=\"18px\" subhead_font_size_last_edited=\"off|desktop\" global_colors_info=\"{}\"][\/et_pb_fullwidth_header][\/et_pb_section][et_pb_section fb_built=\"1\" specialty=\"on\" _builder_version=\"4.9.4\" _module_preset=\"default\" global_colors_info=\"{}\"][et_pb_column type=\"2_3\" specialty_columns=\"2\" _builder_version=\"3.25\" custom_padding=\"|||\" global_colors_info=\"{}\" custom_padding__hover=\"|||\"][et_pb_row_inner _builder_version=\"4.9.4\" _module_preset=\"default\" global_colors_info=\"{}\"][et_pb_column_inner saved_specialty_column_type=\"2_3\" _builder_version=\"4.9.4\" _module_preset=\"default\" global_colors_info=\"{}\"][et_pb_gallery gallery_ids=\"259873,259880,259879,259878,259877,259876,259875,259874\" posts_number=\"20\" db_images_per_row=\"2\" db_image_max_width=\"96%\" db_image_row_spacing=\"2%\" db_image_object_fit=\"initial\" dbdb_version=\"3.7.3\" show_title_and_caption=\"off\" zoom_icon_color=\"#FFFFFF\" hover_overlay_color=\"rgba(140,169,194,0.5)\" hover_icon=\"T||divi||400\" _builder_version=\"4.13.0\" _module_preset=\"default\" global_colors_info=\"{}\"][\/et_pb_gallery][\/et_pb_column_inner][\/et_pb_row_inner][\/et_pb_column][et_pb_column type=\"1_3\" _builder_version=\"3.25\" custom_padding=\"|||\" global_colors_info=\"{}\" custom_padding__hover=\"|||\"][et_pb_blurb title=\"EDICI\u00d3N LIMITADA\" admin_label=\"Ed. Limitada\" _builder_version=\"4.13.0\" _module_preset=\"default\" header_level=\"h2\" header_text_align=\"left\" header_text_color=\"#DA291C\" body_text_align=\"left\" body_text_color=\"#253746\" global_colors_info=\"{}\"]Edici\u00f3n limitada[\/et_pb_blurb][et_pb_blurb title=\"PRECIO\" admin_label=\"Precio\" _builder_version=\"4.13.0\" _module_preset=\"default\" header_level=\"h2\" header_text_align=\"left\" header_text_color=\"#DA291C\" body_text_align=\"left\" body_text_color=\"#253746\" global_colors_info=\"{}\"]Desde 745\u20ac (+21% VAT in EU)\r\nEnv\u00edo incluido[\/et_pb_blurb][et_pb_button button_text=\"COMPRAR\" disabled_on=\"on|on|on\" admin_label=\"COMPRAR\" _builder_version=\"4.9.4\" _module_preset=\"default\" disabled=\"on\" global_colors_info=\"{}\"][\/et_pb_button][et_pb_wc_add_to_cart product=\"259997\" _module_preset=\"default\" global_colors_info=\"{}\"][\/et_pb_wc_add_to_cart][et_pb_blurb title=\"MEDIDAS\" admin_label=\"Medidas\" _builder_version=\"4.13.0\" _module_preset=\"default\" header_level=\"h2\" header_text_align=\"left\" header_text_color=\"#DA291C\" body_text_align=\"left\" body_text_color=\"#253746\" global_colors_info=\"{}\"]<ul>\r\n<li>Di\u00e1metro del bisel: 44,00mm<\/li>\r\n<li>Di\u00e1metro de la caja: 42,00mm<\/li>\r\n<li>Grosor: 15,35mm<\/li>\r\n<li>Longitud: 53,00mm<\/li>\r\n<li>Espesor del zafiro: 4,50mm (2,70mm para el cron\u00f3grafo)<\/li>\r\n<li>Di\u00e1metro del zafiro: 34,00mm<\/li>\r\n<li>Espacio entre las asas: 22mm<\/li>\r\n<li>Di\u00e1metro de la corona: 6,50mm<\/li>\r\n<li>Grosor del bisel: 4,30mm<\/li>\r\n<li>Espesor de la tapa trasera: 2,20mm<\/li>\r\n<li>Ancho del cierre deployante: 18mm<\/li>\r\n<\/ul>[\/et_pb_blurb][et_pb_blurb title=\"MATERIAL\" admin_label=\"Material\" _builder_version=\"4.13.0\" _module_preset=\"default\" header_level=\"h2\" header_text_align=\"left\" header_text_color=\"#DA291C\" body_text_align=\"left\" body_text_color=\"#253746\" global_colors_info=\"{}\"]<ul>\r\n<li>Caja, bisel, corona y tapa hechos de acero inoxidable 316L con acabado cepillado<\/li>\r\n<li>Cristal de zafiro<\/li>\r\n<li>Inserto de bisel cer\u00e1mico<\/li>\r\n<li>Juntas de Viton y Tefzel<\/li>\r\n<li>Brazalete macizo de acero inoxidable 316L<\/li>\r\n<li>Agujas, esfera y bisel con Superluminova C3<\/li>\r\n<\/ul>[\/et_pb_blurb][et_pb_blurb title=\"PROPIEDADES\" admin_label=\"Propiedades\" _builder_version=\"4.13.0\" _module_preset=\"default\" header_level=\"h2\" header_text_align=\"left\" header_text_color=\"#DA291C\" body_text_align=\"left\" body_text_color=\"#253746\" global_colors_info=\"{}\"]<ul>\r\n<li>Zafiro plano con tratamiento antirreflejo en cara interna<\/li>\r\n<li>Calibre ETAsa 2824-2, 2893-2 o DD2075<\/li>\r\n<li>Herm\u00e9tico 120 atmos. \/ 1200 metros. (20 atmos. \/200 metros para el cron\u00f3grafo)<\/li>\r\n<li>Corona y tapa cerrados a rosca<\/li>\r\n<li>Bisel de 120 posiciones<\/li>\r\n<\/ul>[\/et_pb_blurb][et_pb_blurb title=\"KIT\" admin_label=\"Kit\" _builder_version=\"4.13.0\" _module_preset=\"default\" header_level=\"h2\" header_text_align=\"left\" header_text_color=\"#DA291C\" body_text_align=\"left\" body_text_color=\"#253746\" global_colors_info=\"{}\"]<ul>\r\n<li>Reloj CREPAS MAGNUM OPUS con brazalete<\/li>\r\n<li>Maletin estanco (IP67)<\/li>\r\n<li>Destornillador para ajustar brazalete<\/li>\r\n<li>Gamuza<\/li>\r\n<li>Tarjeta de garant\u00eda<\/li>\r\n<li>2 pasadores de recambio<\/li>\r\n<\/ul>[\/et_pb_blurb][\/et_pb_column][\/et_pb_section]","_et_gb_content_width":"","footnotes":""},"class_list":["post-261956","page","type-page","status-publish","hentry"],"yoast_head":"<!-- This site is optimized with the Yoast SEO plugin v26.8 - https:\/\/yoast.com\/product\/yoast-seo-wordpress\/ -->\n<title>CREPAS MAGNUM OPUS - CREPAS<\/title>\n<meta name=\"robots\" content=\"index, follow, max-snippet:-1, max-image-preview:large, max-video-preview:-1\" \/>\n<link rel=\"canonical\" href=\"https:\/\/www.crepaswatches.com\/en\/crepas-magnum-opus\/\" \/>\n<meta property=\"og:locale\" content=\"en_US\" \/>\n<meta property=\"og:type\" content=\"article\" \/>\n<meta property=\"og:title\" content=\"CREPAS MAGNUM OPUS - CREPAS\" \/>\n<meta property=\"og:description\" content=\"Limited EditionFrom 825\u20ac (+ 21% VAT in EU)Shipping included Diameter of the bezel: 44,00mm Diameter of the case: 42,00mm Thickness: 15,35mm Length: 53,00mm Thickness of the crystal: 4,50mm (2,70mm chronograph version) Diameter of the crystal: 34,00mm Space between lugs: 22mm Diameter of the crown: 6,50mm Thickness of the bezel: 4,30mm Thickness of the case back [&hellip;]\" \/>\n<meta property=\"og:url\" content=\"https:\/\/www.crepaswatches.com\/en\/crepas-magnum-opus\/\" \/>\n<meta property=\"og:site_name\" content=\"CREPAS\" \/>\n<meta property=\"article:modified_time\" content=\"2023-11-17T17:44:27+00:00\" \/>\n<meta name=\"twitter:card\" content=\"summary_large_image\" \/>\n<meta name=\"twitter:label1\" content=\"Est. reading time\" \/>\n\t<meta name=\"twitter:data1\" content=\"2 minutes\" \/>\n<script type=\"application\/ld+json\" class=\"yoast-schema-graph\">{\"@context\":\"https:\/\/schema.org\",\"@graph\":[{\"@type\":\"WebPage\",\"@id\":\"https:\/\/www.crepaswatches.com\/en\/crepas-magnum-opus\/\",\"url\":\"https:\/\/www.crepaswatches.com\/en\/crepas-magnum-opus\/\",\"name\":\"CREPAS MAGNUM OPUS - CREPAS\",\"isPartOf\":{\"@id\":\"https:\/\/www.crepaswatches.com\/en\/#website\"},\"datePublished\":\"2022-02-09T11:26:13+00:00\",\"dateModified\":\"2023-11-17T17:44:27+00:00\",\"breadcrumb\":{\"@id\":\"https:\/\/www.crepaswatches.com\/en\/crepas-magnum-opus\/#breadcrumb\"},\"inLanguage\":\"en-US\",\"potentialAction\":[{\"@type\":\"ReadAction\",\"target\":[\"https:\/\/www.crepaswatches.com\/en\/crepas-magnum-opus\/\"]}]},{\"@type\":\"BreadcrumbList\",\"@id\":\"https:\/\/www.crepaswatches.com\/en\/crepas-magnum-opus\/#breadcrumb\",\"itemListElement\":[{\"@type\":\"ListItem\",\"position\":1,\"name\":\"Portada\",\"item\":\"https:\/\/www.crepaswatches.com\/en\/\"},{\"@type\":\"ListItem\",\"position\":2,\"name\":\"CREPAS MAGNUM OPUS\"}]},{\"@type\":\"WebSite\",\"@id\":\"https:\/\/www.crepaswatches.com\/en\/#website\",\"url\":\"https:\/\/www.crepaswatches.com\/en\/\",\"name\":\"CREPAS\",\"description\":\"Techical watches for extreme divers\",\"potentialAction\":[{\"@type\":\"SearchAction\",\"target\":{\"@type\":\"EntryPoint\",\"urlTemplate\":\"https:\/\/www.crepaswatches.com\/en\/?s={search_term_string}\"},\"query-input\":{\"@type\":\"PropertyValueSpecification\",\"valueRequired\":true,\"valueName\":\"search_term_string\"}}],\"inLanguage\":\"en-US\"}]}<\/script>\n<!-- \/ Yoast SEO plugin. -->","yoast_head_json":{"title":"CREPAS MAGNUM OPUS - CREPAS","robots":{"index":"index","follow":"follow","max-snippet":"max-snippet:-1","max-image-preview":"max-image-preview:large","max-video-preview":"max-video-preview:-1"},"canonical":"https:\/\/www.crepaswatches.com\/en\/crepas-magnum-opus\/","og_locale":"en_US","og_type":"article","og_title":"CREPAS MAGNUM OPUS - CREPAS","og_description":"Limited EditionFrom 825\u20ac (+ 21% VAT in EU)Shipping included Diameter of the bezel: 44,00mm Diameter of the case: 42,00mm Thickness: 15,35mm Length: 53,00mm Thickness of the crystal: 4,50mm (2,70mm chronograph version) Diameter of the crystal: 34,00mm Space between lugs: 22mm Diameter of the crown: 6,50mm Thickness of the bezel: 4,30mm Thickness of the case back [&hellip;]","og_url":"https:\/\/www.crepaswatches.com\/en\/crepas-magnum-opus\/","og_site_name":"CREPAS","article_modified_time":"2023-11-17T17:44:27+00:00","twitter_card":"summary_large_image","twitter_misc":{"Est. reading time":"2 minutes"},"schema":{"@context":"https:\/\/schema.org","@graph":[{"@type":"WebPage","@id":"https:\/\/www.crepaswatches.com\/en\/crepas-magnum-opus\/","url":"https:\/\/www.crepaswatches.com\/en\/crepas-magnum-opus\/","name":"CREPAS MAGNUM OPUS - CREPAS","isPartOf":{"@id":"https:\/\/www.crepaswatches.com\/en\/#website"},"datePublished":"2022-02-09T11:26:13+00:00","dateModified":"2023-11-17T17:44:27+00:00","breadcrumb":{"@id":"https:\/\/www.crepaswatches.com\/en\/crepas-magnum-opus\/#breadcrumb"},"inLanguage":"en-US","potentialAction":[{"@type":"ReadAction","target":["https:\/\/www.crepaswatches.com\/en\/crepas-magnum-opus\/"]}]},{"@type":"BreadcrumbList","@id":"https:\/\/www.crepaswatches.com\/en\/crepas-magnum-opus\/#breadcrumb","itemListElement":[{"@type":"ListItem","position":1,"name":"Portada","item":"https:\/\/www.crepaswatches.com\/en\/"},{"@type":"ListItem","position":2,"name":"CREPAS MAGNUM OPUS"}]},{"@type":"WebSite","@id":"https:\/\/www.crepaswatches.com\/en\/#website","url":"https:\/\/www.crepaswatches.com\/en\/","name":"CREPAS","description":"Techical watches for extreme divers","potentialAction":[{"@type":"SearchAction","target":{"@type":"EntryPoint","urlTemplate":"https:\/\/www.crepaswatches.com\/en\/?s={search_term_string}"},"query-input":{"@type":"PropertyValueSpecification","valueRequired":true,"valueName":"search_term_string"}}],"inLanguage":"en-US"}]}},"_links":{"self":[{"href":"https:\/\/www.crepaswatches.com\/en\/wp-json\/wp\/v2\/pages\/261956","targetHints":{"allow":["GET"]}}],"collection":[{"href":"https:\/\/www.crepaswatches.com\/en\/wp-json\/wp\/v2\/pages"}],"about":[{"href":"https:\/\/www.crepaswatches.com\/en\/wp-json\/wp\/v2\/types\/page"}],"author":[{"embeddable":true,"href":"https:\/\/www.crepaswatches.com\/en\/wp-json\/wp\/v2\/users\/1"}],"replies":[{"embeddable":true,"href":"https:\/\/www.crepaswatches.com\/en\/wp-json\/wp\/v2\/comments?post=261956"}],"version-history":[{"count":0,"href":"https:\/\/www.crepaswatches.com\/en\/wp-json\/wp\/v2\/pages\/261956\/revisions"}],"wp:attachment":[{"href":"https:\/\/www.crepaswatches.com\/en\/wp-json\/wp\/v2\/media?parent=261956"}],"curies":[{"name":"wp","href":"https:\/\/api.w.org\/{rel}","templated":true}]}}